{"id":10242,"date":"2021-02-02T11:42:04","date_gmt":"2021-02-02T10:42:04","guid":{"rendered":"https:\/\/autosap.cz\/statistics\/vyroba-a-odbyt-vozidel\/"},"modified":"2021-10-20T21:03:32","modified_gmt":"2021-10-20T19:03:32","slug":"manufacture-and-sale-of-vehicles","status":"publish","type":"page","link":"https:\/\/autosap.cz\/en\/data-and-statistics\/manufacture-and-sale-of-vehicles\/","title":{"rendered":"Manufacture and sale of vehicles"},"content":{"rendered":"","protected":false},"excerpt":{"rendered":"","protected":false},"author":1,"featured_media":10716,"parent":2077,"menu_order":18,"comment_status":"closed","ping_status":"closed","template":"template-stats.php","meta":{"_acf_changed":false,"inline_featured_image":false,"footnotes":""},"acf":[],"yoast_head":"<!-- This site is optimized with the Yoast SEO plugin v24.5 - https:\/\/yoast.com\/wordpress\/plugins\/seo\/ -->\n<title>Manufacture and sale of vehicles - SAP \u2013 Sdru\u017een\u00ed automobilov\u00e9ho pr\u016fmyslu<\/title>\n<meta name=\"robots\" content=\"noindex, nofollow\" \/>\n<meta property=\"og:locale\" content=\"en_US\" \/>\n<meta property=\"og:type\" content=\"article\" \/>\n<meta property=\"og:title\" content=\"Manufacture and sale of vehicles - SAP \u2013 Sdru\u017een\u00ed automobilov\u00e9ho pr\u016fmyslu\" \/>\n<meta property=\"og:url\" content=\"https:\/\/autosap.cz\/en\/data-and-statistics\/manufacture-and-sale-of-vehicles\/\" \/>\n<meta property=\"og:site_name\" content=\"SAP \u2013 Sdru\u017een\u00ed automobilov\u00e9ho pr\u016fmyslu\" \/>\n<meta property=\"article:modified_time\" content=\"2021-10-20T19:03:32+00:00\" \/>\n<meta property=\"og:image\" content=\"https:\/\/autosap.cz\/wp-content\/uploads\/2018\/09\/prehledy2.jpg\" \/>\n\t<meta property=\"og:image:width\" content=\"464\" \/>\n\t<meta property=\"og:image:height\" content=\"309\" \/>\n\t<meta property=\"og:image:type\" content=\"image\/jpeg\" \/>\n<meta name=\"twitter:card\" content=\"summary_large_image\" \/>\n<meta name=\"twitter:label1\" content=\"Est. reading time\" \/>\n\t<meta name=\"twitter:data1\" content=\"1 minute\" \/>\n<script type=\"application\/ld+json\" class=\"yoast-schema-graph\">{\"@context\":\"https:\/\/schema.org\",\"@graph\":[{\"@type\":\"WebPage\",\"@id\":\"https:\/\/autosap.cz\/en\/data-and-statistics\/manufacture-and-sale-of-vehicles\/\",\"url\":\"https:\/\/autosap.cz\/en\/data-and-statistics\/manufacture-and-sale-of-vehicles\/\",\"name\":\"Manufacture and sale of vehicles - SAP \u2013 Sdru\u017een\u00ed automobilov\u00e9ho pr\u016fmyslu\",\"isPartOf\":{\"@id\":\"https:\/\/autosap.cz\/en\/#website\"},\"primaryImageOfPage\":{\"@id\":\"https:\/\/autosap.cz\/en\/data-and-statistics\/manufacture-and-sale-of-vehicles\/#primaryimage\"},\"image\":{\"@id\":\"https:\/\/autosap.cz\/en\/data-and-statistics\/manufacture-and-sale-of-vehicles\/#primaryimage\"},\"thumbnailUrl\":\"https:\/\/autosap.cz\/wp-content\/uploads\/2022\/01\/carpark-1.jpeg\",\"datePublished\":\"2021-02-02T10:42:04+00:00\",\"dateModified\":\"2021-10-20T19:03:32+00:00\",\"breadcrumb\":{\"@id\":\"https:\/\/autosap.cz\/en\/data-and-statistics\/manufacture-and-sale-of-vehicles\/#breadcrumb\"},\"inLanguage\":\"en-US\",\"potentialAction\":[{\"@type\":\"ReadAction\",\"target\":[\"https:\/\/autosap.cz\/en\/data-and-statistics\/manufacture-and-sale-of-vehicles\/\"]}]},{\"@type\":\"ImageObject\",\"inLanguage\":\"en-US\",\"@id\":\"https:\/\/autosap.cz\/en\/data-and-statistics\/manufacture-and-sale-of-vehicles\/#primaryimage\",\"url\":\"https:\/\/autosap.cz\/wp-content\/uploads\/2022\/01\/carpark-1.jpeg\",\"contentUrl\":\"https:\/\/autosap.cz\/wp-content\/uploads\/2022\/01\/carpark-1.jpeg\",\"width\":1252,\"height\":556},{\"@type\":\"BreadcrumbList\",\"@id\":\"https:\/\/autosap.cz\/en\/data-and-statistics\/manufacture-and-sale-of-vehicles\/#breadcrumb\",\"itemListElement\":[{\"@type\":\"ListItem\",\"position\":1,\"name\":\"\",\"item\":\"https:\/\/autosap.cz\/en\/\"},{\"@type\":\"ListItem\",\"position\":2,\"name\":\"Data and statistics\",\"item\":\"https:\/\/autosap.cz\/en\/data-and-statistics\/\"},{\"@type\":\"ListItem\",\"position\":3,\"name\":\"Manufacture and sale of vehicles\"}]},{\"@type\":\"WebSite\",\"@id\":\"https:\/\/autosap.cz\/en\/#website\",\"url\":\"https:\/\/autosap.cz\/en\/\",\"name\":\"SAP \u2013 Sdru\u017een\u00ed automobilov\u00e9ho pr\u016fmyslu\",\"description\":\"Sdru\u017een\u00ed automobilov\u00e9ho pr\u016fmyslu\",\"potentialAction\":[{\"@type\":\"SearchAction\",\"target\":{\"@type\":\"EntryPoint\",\"urlTemplate\":\"https:\/\/autosap.cz\/en\/?s={search_term_string}\"},\"query-input\":{\"@type\":\"PropertyValueSpecification\",\"valueRequired\":true,\"valueName\":\"search_term_string\"}}],\"inLanguage\":\"en-US\"}]}<\/script>\n<!-- \/ Yoast SEO plugin. -->","yoast_head_json":{"title":"Manufacture and sale of vehicles - SAP \u2013 Sdru\u017een\u00ed automobilov\u00e9ho pr\u016fmyslu","robots":{"index":"noindex","follow":"nofollow"},"og_locale":"en_US","og_type":"article","og_title":"Manufacture and sale of vehicles - SAP \u2013 Sdru\u017een\u00ed automobilov\u00e9ho pr\u016fmyslu","og_url":"https:\/\/autosap.cz\/en\/data-and-statistics\/manufacture-and-sale-of-vehicles\/","og_site_name":"SAP \u2013 Sdru\u017een\u00ed automobilov\u00e9ho pr\u016fmyslu","article_modified_time":"2021-10-20T19:03:32+00:00","og_image":[{"width":464,"height":309,"url":"https:\/\/autosap.cz\/wp-content\/uploads\/2018\/09\/prehledy2.jpg","type":"image\/jpeg"}],"twitter_card":"summary_large_image","twitter_misc":{"Est. reading time":"1 minute"},"schema":{"@context":"https:\/\/schema.org","@graph":[{"@type":"WebPage","@id":"https:\/\/autosap.cz\/en\/data-and-statistics\/manufacture-and-sale-of-vehicles\/","url":"https:\/\/autosap.cz\/en\/data-and-statistics\/manufacture-and-sale-of-vehicles\/","name":"Manufacture and sale of vehicles - SAP \u2013 Sdru\u017een\u00ed automobilov\u00e9ho pr\u016fmyslu","isPartOf":{"@id":"https:\/\/autosap.cz\/en\/#website"},"primaryImageOfPage":{"@id":"https:\/\/autosap.cz\/en\/data-and-statistics\/manufacture-and-sale-of-vehicles\/#primaryimage"},"image":{"@id":"https:\/\/autosap.cz\/en\/data-and-statistics\/manufacture-and-sale-of-vehicles\/#primaryimage"},"thumbnailUrl":"https:\/\/autosap.cz\/wp-content\/uploads\/2022\/01\/carpark-1.jpeg","datePublished":"2021-02-02T10:42:04+00:00","dateModified":"2021-10-20T19:03:32+00:00","breadcrumb":{"@id":"https:\/\/autosap.cz\/en\/data-and-statistics\/manufacture-and-sale-of-vehicles\/#breadcrumb"},"inLanguage":"en-US","potentialAction":[{"@type":"ReadAction","target":["https:\/\/autosap.cz\/en\/data-and-statistics\/manufacture-and-sale-of-vehicles\/"]}]},{"@type":"ImageObject","inLanguage":"en-US","@id":"https:\/\/autosap.cz\/en\/data-and-statistics\/manufacture-and-sale-of-vehicles\/#primaryimage","url":"https:\/\/autosap.cz\/wp-content\/uploads\/2022\/01\/carpark-1.jpeg","contentUrl":"https:\/\/autosap.cz\/wp-content\/uploads\/2022\/01\/carpark-1.jpeg","width":1252,"height":556},{"@type":"BreadcrumbList","@id":"https:\/\/autosap.cz\/en\/data-and-statistics\/manufacture-and-sale-of-vehicles\/#breadcrumb","itemListElement":[{"@type":"ListItem","position":1,"name":"","item":"https:\/\/autosap.cz\/en\/"},{"@type":"ListItem","position":2,"name":"Data and statistics","item":"https:\/\/autosap.cz\/en\/data-and-statistics\/"},{"@type":"ListItem","position":3,"name":"Manufacture and sale of vehicles"}]},{"@type":"WebSite","@id":"https:\/\/autosap.cz\/en\/#website","url":"https:\/\/autosap.cz\/en\/","name":"SAP \u2013 Sdru\u017een\u00ed automobilov\u00e9ho pr\u016fmyslu","description":"Sdru\u017een\u00ed automobilov\u00e9ho pr\u016fmyslu","potentialAction":[{"@type":"SearchAction","target":{"@type":"EntryPoint","urlTemplate":"https:\/\/autosap.cz\/en\/?s={search_term_string}"},"query-input":{"@type":"PropertyValueSpecification","valueRequired":true,"valueName":"search_term_string"}}],"inLanguage":"en-US"}]}},"_links":{"self":[{"href":"https:\/\/autosap.cz\/en\/wp-json\/wp\/v2\/pages\/10242"}],"collection":[{"href":"https:\/\/autosap.cz\/en\/wp-json\/wp\/v2\/pages"}],"about":[{"href":"https:\/\/autosap.cz\/en\/wp-json\/wp\/v2\/types\/page"}],"author":[{"embeddable":true,"href":"https:\/\/autosap.cz\/en\/wp-json\/wp\/v2\/users\/1"}],"replies":[{"embeddable":true,"href":"https:\/\/autosap.cz\/en\/wp-json\/wp\/v2\/comments?post=10242"}],"version-history":[{"count":0,"href":"https:\/\/autosap.cz\/en\/wp-json\/wp\/v2\/pages\/10242\/revisions"}],"up":[{"embeddable":true,"href":"https:\/\/autosap.cz\/en\/wp-json\/wp\/v2\/pages\/2077"}],"wp:featuredmedia":[{"embeddable":true,"href":"https:\/\/autosap.cz\/en\/wp-json\/wp\/v2\/media\/10716"}],"wp:attachment":[{"href":"https:\/\/autosap.cz\/en\/wp-json\/wp\/v2\/media?parent=10242"}],"curies":[{"name":"wp","href":"https:\/\/api.w.org\/{rel}","templated":true}]}}