{"id":10978,"date":"2022-03-24T12:18:46","date_gmt":"2022-03-24T11:18:46","guid":{"rendered":"https:\/\/autosap.cz\/statistics\/rocni-casove-rady-vyroby-a-odbytu-vozidel\/"},"modified":"2022-03-31T13:44:31","modified_gmt":"2022-03-31T11:44:31","slug":"annual-time-series-of-vehicle-production-and-sales","status":"publish","type":"page","link":"https:\/\/autosap.cz\/en\/data-and-statistics\/annual-time-series-of-vehicle-production-and-sales\/","title":{"rendered":"Annual time series of vehicle production and sales"},"content":{"rendered":"","protected":false},"excerpt":{"rendered":"","protected":false},"author":1,"featured_media":11105,"parent":2077,"menu_order":14,"comment_status":"closed","ping_status":"closed","template":"templates\/stats-chart.php","meta":{"_acf_changed":false,"inline_featured_image":false,"footnotes":""},"acf":[],"yoast_head":"<!-- This site is optimized with the Yoast SEO plugin v24.5 - https:\/\/yoast.com\/wordpress\/plugins\/seo\/ -->\n<title>Annual time series of vehicle production and sales - SAP \u2013 Sdru\u017een\u00ed automobilov\u00e9ho pr\u016fmyslu<\/title>\n<meta name=\"robots\" content=\"index, follow, max-snippet:-1, max-image-preview:large, max-video-preview:-1\" \/>\n<link rel=\"canonical\" href=\"https:\/\/autosap.cz\/en\/data-and-statistics\/annual-time-series-of-vehicle-production-and-sales\/\" \/>\n<meta property=\"og:locale\" content=\"en_US\" \/>\n<meta property=\"og:type\" content=\"article\" \/>\n<meta property=\"og:title\" content=\"Annual time series of vehicle production and sales - SAP \u2013 Sdru\u017een\u00ed automobilov\u00e9ho pr\u016fmyslu\" \/>\n<meta property=\"og:url\" content=\"https:\/\/autosap.cz\/en\/data-and-statistics\/annual-time-series-of-vehicle-production-and-sales\/\" \/>\n<meta property=\"og:site_name\" content=\"SAP \u2013 Sdru\u017een\u00ed automobilov\u00e9ho pr\u016fmyslu\" \/>\n<meta property=\"article:modified_time\" content=\"2022-03-31T11:44:31+00:00\" \/>\n<meta name=\"twitter:card\" content=\"summary_large_image\" \/>\n<script type=\"application\/ld+json\" class=\"yoast-schema-graph\">{\"@context\":\"https:\/\/schema.org\",\"@graph\":[{\"@type\":\"WebPage\",\"@id\":\"https:\/\/autosap.cz\/en\/data-and-statistics\/annual-time-series-of-vehicle-production-and-sales\/\",\"url\":\"https:\/\/autosap.cz\/en\/data-and-statistics\/annual-time-series-of-vehicle-production-and-sales\/\",\"name\":\"Annual time series of vehicle production and sales - SAP \u2013 Sdru\u017een\u00ed automobilov\u00e9ho pr\u016fmyslu\",\"isPartOf\":{\"@id\":\"https:\/\/autosap.cz\/en\/#website\"},\"primaryImageOfPage\":{\"@id\":\"https:\/\/autosap.cz\/en\/data-and-statistics\/annual-time-series-of-vehicle-production-and-sales\/#primaryimage\"},\"image\":{\"@id\":\"https:\/\/autosap.cz\/en\/data-and-statistics\/annual-time-series-of-vehicle-production-and-sales\/#primaryimage\"},\"thumbnailUrl\":\"https:\/\/autosap.cz\/wp-content\/uploads\/2022\/04\/uvodni-foto.jpeg\",\"datePublished\":\"2022-03-24T11:18:46+00:00\",\"dateModified\":\"2022-03-31T11:44:31+00:00\",\"breadcrumb\":{\"@id\":\"https:\/\/autosap.cz\/en\/data-and-statistics\/annual-time-series-of-vehicle-production-and-sales\/#breadcrumb\"},\"inLanguage\":\"en-US\",\"potentialAction\":[{\"@type\":\"ReadAction\",\"target\":[\"https:\/\/autosap.cz\/en\/data-and-statistics\/annual-time-series-of-vehicle-production-and-sales\/\"]}]},{\"@type\":\"ImageObject\",\"inLanguage\":\"en-US\",\"@id\":\"https:\/\/autosap.cz\/en\/data-and-statistics\/annual-time-series-of-vehicle-production-and-sales\/#primaryimage\",\"url\":\"https:\/\/autosap.cz\/wp-content\/uploads\/2022\/04\/uvodni-foto.jpeg\",\"contentUrl\":\"https:\/\/autosap.cz\/wp-content\/uploads\/2022\/04\/uvodni-foto.jpeg\",\"width\":1922,\"height\":600},{\"@type\":\"BreadcrumbList\",\"@id\":\"https:\/\/autosap.cz\/en\/data-and-statistics\/annual-time-series-of-vehicle-production-and-sales\/#breadcrumb\",\"itemListElement\":[{\"@type\":\"ListItem\",\"position\":1,\"name\":\"\",\"item\":\"https:\/\/autosap.cz\/en\/\"},{\"@type\":\"ListItem\",\"position\":2,\"name\":\"Data and statistics\",\"item\":\"https:\/\/autosap.cz\/en\/data-and-statistics\/\"},{\"@type\":\"ListItem\",\"position\":3,\"name\":\"Annual time series of vehicle production and sales\"}]},{\"@type\":\"WebSite\",\"@id\":\"https:\/\/autosap.cz\/en\/#website\",\"url\":\"https:\/\/autosap.cz\/en\/\",\"name\":\"SAP \u2013 Sdru\u017een\u00ed automobilov\u00e9ho pr\u016fmyslu\",\"description\":\"Sdru\u017een\u00ed automobilov\u00e9ho pr\u016fmyslu\",\"potentialAction\":[{\"@type\":\"SearchAction\",\"target\":{\"@type\":\"EntryPoint\",\"urlTemplate\":\"https:\/\/autosap.cz\/en\/?s={search_term_string}\"},\"query-input\":{\"@type\":\"PropertyValueSpecification\",\"valueRequired\":true,\"valueName\":\"search_term_string\"}}],\"inLanguage\":\"en-US\"}]}<\/script>\n<!-- \/ Yoast SEO plugin. -->","yoast_head_json":{"title":"Annual time series of vehicle production and sales - SAP \u2013 Sdru\u017een\u00ed automobilov\u00e9ho pr\u016fmyslu","robots":{"index":"index","follow":"follow","max-snippet":"max-snippet:-1","max-image-preview":"max-image-preview:large","max-video-preview":"max-video-preview:-1"},"canonical":"https:\/\/autosap.cz\/en\/data-and-statistics\/annual-time-series-of-vehicle-production-and-sales\/","og_locale":"en_US","og_type":"article","og_title":"Annual time series of vehicle production and sales - SAP \u2013 Sdru\u017een\u00ed automobilov\u00e9ho pr\u016fmyslu","og_url":"https:\/\/autosap.cz\/en\/data-and-statistics\/annual-time-series-of-vehicle-production-and-sales\/","og_site_name":"SAP \u2013 Sdru\u017een\u00ed automobilov\u00e9ho pr\u016fmyslu","article_modified_time":"2022-03-31T11:44:31+00:00","twitter_card":"summary_large_image","schema":{"@context":"https:\/\/schema.org","@graph":[{"@type":"WebPage","@id":"https:\/\/autosap.cz\/en\/data-and-statistics\/annual-time-series-of-vehicle-production-and-sales\/","url":"https:\/\/autosap.cz\/en\/data-and-statistics\/annual-time-series-of-vehicle-production-and-sales\/","name":"Annual time series of vehicle production and sales - SAP \u2013 Sdru\u017een\u00ed automobilov\u00e9ho pr\u016fmyslu","isPartOf":{"@id":"https:\/\/autosap.cz\/en\/#website"},"primaryImageOfPage":{"@id":"https:\/\/autosap.cz\/en\/data-and-statistics\/annual-time-series-of-vehicle-production-and-sales\/#primaryimage"},"image":{"@id":"https:\/\/autosap.cz\/en\/data-and-statistics\/annual-time-series-of-vehicle-production-and-sales\/#primaryimage"},"thumbnailUrl":"https:\/\/autosap.cz\/wp-content\/uploads\/2022\/04\/uvodni-foto.jpeg","datePublished":"2022-03-24T11:18:46+00:00","dateModified":"2022-03-31T11:44:31+00:00","breadcrumb":{"@id":"https:\/\/autosap.cz\/en\/data-and-statistics\/annual-time-series-of-vehicle-production-and-sales\/#breadcrumb"},"inLanguage":"en-US","potentialAction":[{"@type":"ReadAction","target":["https:\/\/autosap.cz\/en\/data-and-statistics\/annual-time-series-of-vehicle-production-and-sales\/"]}]},{"@type":"ImageObject","inLanguage":"en-US","@id":"https:\/\/autosap.cz\/en\/data-and-statistics\/annual-time-series-of-vehicle-production-and-sales\/#primaryimage","url":"https:\/\/autosap.cz\/wp-content\/uploads\/2022\/04\/uvodni-foto.jpeg","contentUrl":"https:\/\/autosap.cz\/wp-content\/uploads\/2022\/04\/uvodni-foto.jpeg","width":1922,"height":600},{"@type":"BreadcrumbList","@id":"https:\/\/autosap.cz\/en\/data-and-statistics\/annual-time-series-of-vehicle-production-and-sales\/#breadcrumb","itemListElement":[{"@type":"ListItem","position":1,"name":"","item":"https:\/\/autosap.cz\/en\/"},{"@type":"ListItem","position":2,"name":"Data and statistics","item":"https:\/\/autosap.cz\/en\/data-and-statistics\/"},{"@type":"ListItem","position":3,"name":"Annual time series of vehicle production and sales"}]},{"@type":"WebSite","@id":"https:\/\/autosap.cz\/en\/#website","url":"https:\/\/autosap.cz\/en\/","name":"SAP \u2013 Sdru\u017een\u00ed automobilov\u00e9ho pr\u016fmyslu","description":"Sdru\u017een\u00ed automobilov\u00e9ho pr\u016fmyslu","potentialAction":[{"@type":"SearchAction","target":{"@type":"EntryPoint","urlTemplate":"https:\/\/autosap.cz\/en\/?s={search_term_string}"},"query-input":{"@type":"PropertyValueSpecification","valueRequired":true,"valueName":"search_term_string"}}],"inLanguage":"en-US"}]}},"_links":{"self":[{"href":"https:\/\/autosap.cz\/en\/wp-json\/wp\/v2\/pages\/10978"}],"collection":[{"href":"https:\/\/autosap.cz\/en\/wp-json\/wp\/v2\/pages"}],"about":[{"href":"https:\/\/autosap.cz\/en\/wp-json\/wp\/v2\/types\/page"}],"author":[{"embeddable":true,"href":"https:\/\/autosap.cz\/en\/wp-json\/wp\/v2\/users\/1"}],"replies":[{"embeddable":true,"href":"https:\/\/autosap.cz\/en\/wp-json\/wp\/v2\/comments?post=10978"}],"version-history":[{"count":0,"href":"https:\/\/autosap.cz\/en\/wp-json\/wp\/v2\/pages\/10978\/revisions"}],"up":[{"embeddable":true,"href":"https:\/\/autosap.cz\/en\/wp-json\/wp\/v2\/pages\/2077"}],"wp:featuredmedia":[{"embeddable":true,"href":"https:\/\/autosap.cz\/en\/wp-json\/wp\/v2\/media\/11105"}],"wp:attachment":[{"href":"https:\/\/autosap.cz\/en\/wp-json\/wp\/v2\/media?parent=10978"}],"curies":[{"name":"wp","href":"https:\/\/api.w.org\/{rel}","templated":true}]}}