{"id":11306,"date":"2022-06-20T16:23:52","date_gmt":"2022-06-20T14:23:52","guid":{"rendered":"https:\/\/autosap.cz\/casopis\/"},"modified":"2022-07-08T11:15:12","modified_gmt":"2022-07-08T09:15:12","slug":"journal","status":"publish","type":"page","link":"https:\/\/autosap.cz\/en\/journal\/","title":{"rendered":"Magazine"},"content":{"rendered":"","protected":false},"excerpt":{"rendered":"","protected":false},"author":1,"featured_media":0,"parent":0,"menu_order":9,"comment_status":"closed","ping_status":"closed","template":"template-casopis.php","meta":{"_acf_changed":false,"inline_featured_image":false,"footnotes":""},"acf":[],"yoast_head":"<!-- This site is optimized with the Yoast SEO plugin v24.5 - https:\/\/yoast.com\/wordpress\/plugins\/seo\/ -->\n<title>Magazine - SAP \u2013 Sdru\u017een\u00ed automobilov\u00e9ho pr\u016fmyslu<\/title>\n<meta name=\"robots\" content=\"index, follow, max-snippet:-1, max-image-preview:large, max-video-preview:-1\" \/>\n<link rel=\"canonical\" href=\"https:\/\/autosap.cz\/en\/journal\/\" \/>\n<meta property=\"og:locale\" content=\"en_US\" \/>\n<meta property=\"og:type\" content=\"article\" \/>\n<meta property=\"og:title\" content=\"Magazine - SAP \u2013 Sdru\u017een\u00ed automobilov\u00e9ho pr\u016fmyslu\" \/>\n<meta property=\"og:url\" content=\"https:\/\/autosap.cz\/en\/journal\/\" \/>\n<meta property=\"og:site_name\" content=\"SAP \u2013 Sdru\u017een\u00ed automobilov\u00e9ho pr\u016fmyslu\" \/>\n<meta property=\"article:modified_time\" content=\"2022-07-08T09:15:12+00:00\" \/>\n<meta name=\"twitter:card\" content=\"summary_large_image\" \/>\n<script type=\"application\/ld+json\" class=\"yoast-schema-graph\">{\"@context\":\"https:\/\/schema.org\",\"@graph\":[{\"@type\":\"WebPage\",\"@id\":\"https:\/\/autosap.cz\/en\/journal\/\",\"url\":\"https:\/\/autosap.cz\/en\/journal\/\",\"name\":\"Magazine - SAP \u2013 Sdru\u017een\u00ed automobilov\u00e9ho pr\u016fmyslu\",\"isPartOf\":{\"@id\":\"https:\/\/autosap.cz\/en\/#website\"},\"datePublished\":\"2022-06-20T14:23:52+00:00\",\"dateModified\":\"2022-07-08T09:15:12+00:00\",\"breadcrumb\":{\"@id\":\"https:\/\/autosap.cz\/en\/journal\/#breadcrumb\"},\"inLanguage\":\"en-US\",\"potentialAction\":[{\"@type\":\"ReadAction\",\"target\":[\"https:\/\/autosap.cz\/en\/journal\/\"]}]},{\"@type\":\"BreadcrumbList\",\"@id\":\"https:\/\/autosap.cz\/en\/journal\/#breadcrumb\",\"itemListElement\":[{\"@type\":\"ListItem\",\"position\":1,\"name\":\"\",\"item\":\"https:\/\/autosap.cz\/en\/\"},{\"@type\":\"ListItem\",\"position\":2,\"name\":\"Magazine\"}]},{\"@type\":\"WebSite\",\"@id\":\"https:\/\/autosap.cz\/en\/#website\",\"url\":\"https:\/\/autosap.cz\/en\/\",\"name\":\"SAP \u2013 Sdru\u017een\u00ed automobilov\u00e9ho pr\u016fmyslu\",\"description\":\"Sdru\u017een\u00ed automobilov\u00e9ho pr\u016fmyslu\",\"potentialAction\":[{\"@type\":\"SearchAction\",\"target\":{\"@type\":\"EntryPoint\",\"urlTemplate\":\"https:\/\/autosap.cz\/en\/?s={search_term_string}\"},\"query-input\":{\"@type\":\"PropertyValueSpecification\",\"valueRequired\":true,\"valueName\":\"search_term_string\"}}],\"inLanguage\":\"en-US\"}]}<\/script>\n<!-- \/ Yoast SEO plugin. -->","yoast_head_json":{"title":"Magazine - SAP \u2013 Sdru\u017een\u00ed automobilov\u00e9ho pr\u016fmyslu","robots":{"index":"index","follow":"follow","max-snippet":"max-snippet:-1","max-image-preview":"max-image-preview:large","max-video-preview":"max-video-preview:-1"},"canonical":"https:\/\/autosap.cz\/en\/journal\/","og_locale":"en_US","og_type":"article","og_title":"Magazine - SAP \u2013 Sdru\u017een\u00ed automobilov\u00e9ho pr\u016fmyslu","og_url":"https:\/\/autosap.cz\/en\/journal\/","og_site_name":"SAP \u2013 Sdru\u017een\u00ed automobilov\u00e9ho pr\u016fmyslu","article_modified_time":"2022-07-08T09:15:12+00:00","twitter_card":"summary_large_image","schema":{"@context":"https:\/\/schema.org","@graph":[{"@type":"WebPage","@id":"https:\/\/autosap.cz\/en\/journal\/","url":"https:\/\/autosap.cz\/en\/journal\/","name":"Magazine - SAP \u2013 Sdru\u017een\u00ed automobilov\u00e9ho pr\u016fmyslu","isPartOf":{"@id":"https:\/\/autosap.cz\/en\/#website"},"datePublished":"2022-06-20T14:23:52+00:00","dateModified":"2022-07-08T09:15:12+00:00","breadcrumb":{"@id":"https:\/\/autosap.cz\/en\/journal\/#breadcrumb"},"inLanguage":"en-US","potentialAction":[{"@type":"ReadAction","target":["https:\/\/autosap.cz\/en\/journal\/"]}]},{"@type":"BreadcrumbList","@id":"https:\/\/autosap.cz\/en\/journal\/#breadcrumb","itemListElement":[{"@type":"ListItem","position":1,"name":"","item":"https:\/\/autosap.cz\/en\/"},{"@type":"ListItem","position":2,"name":"Magazine"}]},{"@type":"WebSite","@id":"https:\/\/autosap.cz\/en\/#website","url":"https:\/\/autosap.cz\/en\/","name":"SAP \u2013 Sdru\u017een\u00ed automobilov\u00e9ho pr\u016fmyslu","description":"Sdru\u017een\u00ed automobilov\u00e9ho pr\u016fmyslu","potentialAction":[{"@type":"SearchAction","target":{"@type":"EntryPoint","urlTemplate":"https:\/\/autosap.cz\/en\/?s={search_term_string}"},"query-input":{"@type":"PropertyValueSpecification","valueRequired":true,"valueName":"search_term_string"}}],"inLanguage":"en-US"}]}},"_links":{"self":[{"href":"https:\/\/autosap.cz\/en\/wp-json\/wp\/v2\/pages\/11306"}],"collection":[{"href":"https:\/\/autosap.cz\/en\/wp-json\/wp\/v2\/pages"}],"about":[{"href":"https:\/\/autosap.cz\/en\/wp-json\/wp\/v2\/types\/page"}],"author":[{"embeddable":true,"href":"https:\/\/autosap.cz\/en\/wp-json\/wp\/v2\/users\/1"}],"replies":[{"embeddable":true,"href":"https:\/\/autosap.cz\/en\/wp-json\/wp\/v2\/comments?post=11306"}],"version-history":[{"count":0,"href":"https:\/\/autosap.cz\/en\/wp-json\/wp\/v2\/pages\/11306\/revisions"}],"wp:attachment":[{"href":"https:\/\/autosap.cz\/en\/wp-json\/wp\/v2\/media?parent=11306"}],"curies":[{"name":"wp","href":"https:\/\/api.w.org\/{rel}","templated":true}]}}