{"id":11308,"date":"2022-06-20T16:28:29","date_gmt":"2022-06-20T14:28:29","guid":{"rendered":"https:\/\/autosap.cz\/analyza-automobiloveho-prumyslu-v-ceske-republice\/"},"modified":"2025-11-05T11:45:45","modified_gmt":"2025-11-05T10:45:45","slug":"analysis-of-the-automotive-industry-in-the-czech-republic","status":"publish","type":"page","link":"https:\/\/autosap.cz\/en\/publications\/analysis-of-the-automotive-industry-in-the-czech-republic\/","title":{"rendered":"Analysis of the automotive industry in the Czech Republic"},"content":{"rendered":"<p>The analysis provides summary results for the past year \u2013 basic macroeconomic indicators and their development in time series, production and export volumes, data on the production of vehicles and parts, data from the field of personnel and wages, data on the first registrations of vehicles and vehicle fleet in the Czech Republic, basic global statistics and information about the currently solved issue.<\/p>\n","protected":false},"excerpt":{"rendered":"The analysis provides summary results for the past year \u2013 basic macroeconomic indicators and their development in time series, production and export volumes, data on the production of vehicles and parts, data from the field of personnel and wages, data on the first registrations of vehicles and vehicle fleet in the Czech Republic, basic global&#8230; <a class=\"view-article\" href=\"https:\/\/autosap.cz\/en\/publications\/analysis-of-the-automotive-industry-in-the-czech-republic\/\">Read more<\/a>","protected":false},"author":1,"featured_media":0,"parent":2176,"menu_order":5,"comment_status":"closed","ping_status":"closed","template":"templates\/publication-detail.php","meta":{"_acf_changed":false,"inline_featured_image":false,"footnotes":""},"acf":[],"yoast_head":"<!-- This site is optimized with the Yoast SEO plugin v24.5 - https:\/\/yoast.com\/wordpress\/plugins\/seo\/ -->\n<title>Analysis of the automotive industry in the Czech Republic - SAP \u2013 Sdru\u017een\u00ed automobilov\u00e9ho pr\u016fmyslu<\/title>\n<meta name=\"robots\" content=\"index, follow, max-snippet:-1, max-image-preview:large, max-video-preview:-1\" \/>\n<link rel=\"canonical\" href=\"https:\/\/autosap.cz\/en\/publications\/analysis-of-the-automotive-industry-in-the-czech-republic\/\" \/>\n<meta property=\"og:locale\" content=\"en_US\" \/>\n<meta property=\"og:type\" content=\"article\" \/>\n<meta property=\"og:title\" content=\"Analysis of the automotive industry in the Czech Republic - SAP \u2013 Sdru\u017een\u00ed automobilov\u00e9ho pr\u016fmyslu\" \/>\n<meta property=\"og:description\" content=\"The analysis provides summary results for the past year \u2013 basic macroeconomic indicators and their development in time series, production and export volumes, data on the production of vehicles and parts, data from the field of personnel and wages, data on the first registrations of vehicles and vehicle fleet in the Czech Republic, basic global... Read more\" \/>\n<meta property=\"og:url\" content=\"https:\/\/autosap.cz\/en\/publications\/analysis-of-the-automotive-industry-in-the-czech-republic\/\" \/>\n<meta property=\"og:site_name\" content=\"SAP \u2013 Sdru\u017een\u00ed automobilov\u00e9ho pr\u016fmyslu\" \/>\n<meta property=\"article:modified_time\" content=\"2025-11-05T10:45:45+00:00\" \/>\n<meta name=\"twitter:card\" content=\"summary_large_image\" \/>\n<meta name=\"twitter:label1\" content=\"Est. reading time\" \/>\n\t<meta name=\"twitter:data1\" content=\"1 minute\" \/>\n<script type=\"application\/ld+json\" class=\"yoast-schema-graph\">{\"@context\":\"https:\/\/schema.org\",\"@graph\":[{\"@type\":\"WebPage\",\"@id\":\"https:\/\/autosap.cz\/en\/publications\/analysis-of-the-automotive-industry-in-the-czech-republic\/\",\"url\":\"https:\/\/autosap.cz\/en\/publications\/analysis-of-the-automotive-industry-in-the-czech-republic\/\",\"name\":\"Analysis of the automotive industry in the Czech Republic - SAP \u2013 Sdru\u017een\u00ed automobilov\u00e9ho pr\u016fmyslu\",\"isPartOf\":{\"@id\":\"https:\/\/autosap.cz\/en\/#website\"},\"datePublished\":\"2022-06-20T14:28:29+00:00\",\"dateModified\":\"2025-11-05T10:45:45+00:00\",\"breadcrumb\":{\"@id\":\"https:\/\/autosap.cz\/en\/publications\/analysis-of-the-automotive-industry-in-the-czech-republic\/#breadcrumb\"},\"inLanguage\":\"en-US\",\"potentialAction\":[{\"@type\":\"ReadAction\",\"target\":[\"https:\/\/autosap.cz\/en\/publications\/analysis-of-the-automotive-industry-in-the-czech-republic\/\"]}]},{\"@type\":\"BreadcrumbList\",\"@id\":\"https:\/\/autosap.cz\/en\/publications\/analysis-of-the-automotive-industry-in-the-czech-republic\/#breadcrumb\",\"itemListElement\":[{\"@type\":\"ListItem\",\"position\":1,\"name\":\"\",\"item\":\"https:\/\/autosap.cz\/en\/\"},{\"@type\":\"ListItem\",\"position\":2,\"name\":\"Publications\",\"item\":\"https:\/\/autosap.cz\/en\/about-us\/publications\/\"},{\"@type\":\"ListItem\",\"position\":3,\"name\":\"Analysis of the automotive industry in the Czech Republic\"}]},{\"@type\":\"WebSite\",\"@id\":\"https:\/\/autosap.cz\/en\/#website\",\"url\":\"https:\/\/autosap.cz\/en\/\",\"name\":\"SAP \u2013 Sdru\u017een\u00ed automobilov\u00e9ho pr\u016fmyslu\",\"description\":\"Sdru\u017een\u00ed automobilov\u00e9ho pr\u016fmyslu\",\"potentialAction\":[{\"@type\":\"SearchAction\",\"target\":{\"@type\":\"EntryPoint\",\"urlTemplate\":\"https:\/\/autosap.cz\/en\/?s={search_term_string}\"},\"query-input\":{\"@type\":\"PropertyValueSpecification\",\"valueRequired\":true,\"valueName\":\"search_term_string\"}}],\"inLanguage\":\"en-US\"}]}<\/script>\n<!-- \/ Yoast SEO plugin. -->","yoast_head_json":{"title":"Analysis of the automotive industry in the Czech Republic - SAP \u2013 Sdru\u017een\u00ed automobilov\u00e9ho pr\u016fmyslu","robots":{"index":"index","follow":"follow","max-snippet":"max-snippet:-1","max-image-preview":"max-image-preview:large","max-video-preview":"max-video-preview:-1"},"canonical":"https:\/\/autosap.cz\/en\/publications\/analysis-of-the-automotive-industry-in-the-czech-republic\/","og_locale":"en_US","og_type":"article","og_title":"Analysis of the automotive industry in the Czech Republic - SAP \u2013 Sdru\u017een\u00ed automobilov\u00e9ho pr\u016fmyslu","og_description":"The analysis provides summary results for the past year \u2013 basic macroeconomic indicators and their development in time series, production and export volumes, data on the production of vehicles and parts, data from the field of personnel and wages, data on the first registrations of vehicles and vehicle fleet in the Czech Republic, basic global... Read more","og_url":"https:\/\/autosap.cz\/en\/publications\/analysis-of-the-automotive-industry-in-the-czech-republic\/","og_site_name":"SAP \u2013 Sdru\u017een\u00ed automobilov\u00e9ho pr\u016fmyslu","article_modified_time":"2025-11-05T10:45:45+00:00","twitter_card":"summary_large_image","twitter_misc":{"Est. reading time":"1 minute"},"schema":{"@context":"https:\/\/schema.org","@graph":[{"@type":"WebPage","@id":"https:\/\/autosap.cz\/en\/publications\/analysis-of-the-automotive-industry-in-the-czech-republic\/","url":"https:\/\/autosap.cz\/en\/publications\/analysis-of-the-automotive-industry-in-the-czech-republic\/","name":"Analysis of the automotive industry in the Czech Republic - SAP \u2013 Sdru\u017een\u00ed automobilov\u00e9ho pr\u016fmyslu","isPartOf":{"@id":"https:\/\/autosap.cz\/en\/#website"},"datePublished":"2022-06-20T14:28:29+00:00","dateModified":"2025-11-05T10:45:45+00:00","breadcrumb":{"@id":"https:\/\/autosap.cz\/en\/publications\/analysis-of-the-automotive-industry-in-the-czech-republic\/#breadcrumb"},"inLanguage":"en-US","potentialAction":[{"@type":"ReadAction","target":["https:\/\/autosap.cz\/en\/publications\/analysis-of-the-automotive-industry-in-the-czech-republic\/"]}]},{"@type":"BreadcrumbList","@id":"https:\/\/autosap.cz\/en\/publications\/analysis-of-the-automotive-industry-in-the-czech-republic\/#breadcrumb","itemListElement":[{"@type":"ListItem","position":1,"name":"","item":"https:\/\/autosap.cz\/en\/"},{"@type":"ListItem","position":2,"name":"Publications","item":"https:\/\/autosap.cz\/en\/about-us\/publications\/"},{"@type":"ListItem","position":3,"name":"Analysis of the automotive industry in the Czech Republic"}]},{"@type":"WebSite","@id":"https:\/\/autosap.cz\/en\/#website","url":"https:\/\/autosap.cz\/en\/","name":"SAP \u2013 Sdru\u017een\u00ed automobilov\u00e9ho pr\u016fmyslu","description":"Sdru\u017een\u00ed automobilov\u00e9ho pr\u016fmyslu","potentialAction":[{"@type":"SearchAction","target":{"@type":"EntryPoint","urlTemplate":"https:\/\/autosap.cz\/en\/?s={search_term_string}"},"query-input":{"@type":"PropertyValueSpecification","valueRequired":true,"valueName":"search_term_string"}}],"inLanguage":"en-US"}]}},"_links":{"self":[{"href":"https:\/\/autosap.cz\/en\/wp-json\/wp\/v2\/pages\/11308"}],"collection":[{"href":"https:\/\/autosap.cz\/en\/wp-json\/wp\/v2\/pages"}],"about":[{"href":"https:\/\/autosap.cz\/en\/wp-json\/wp\/v2\/types\/page"}],"author":[{"embeddable":true,"href":"https:\/\/autosap.cz\/en\/wp-json\/wp\/v2\/users\/1"}],"replies":[{"embeddable":true,"href":"https:\/\/autosap.cz\/en\/wp-json\/wp\/v2\/comments?post=11308"}],"version-history":[{"count":7,"href":"https:\/\/autosap.cz\/en\/wp-json\/wp\/v2\/pages\/11308\/revisions"}],"predecessor-version":[{"id":17971,"href":"https:\/\/autosap.cz\/en\/wp-json\/wp\/v2\/pages\/11308\/revisions\/17971"}],"up":[{"embeddable":true,"href":"https:\/\/autosap.cz\/en\/wp-json\/wp\/v2\/pages\/2176"}],"wp:attachment":[{"href":"https:\/\/autosap.cz\/en\/wp-json\/wp\/v2\/media?parent=11308"}],"curies":[{"name":"wp","href":"https:\/\/api.w.org\/{rel}","templated":true}]}}