{"id":11309,"date":"2022-06-20T16:28:06","date_gmt":"2022-06-20T14:28:06","guid":{"rendered":"https:\/\/autosap.cz\/prumerne-mzdy-a-pocty-zamestnancu\/"},"modified":"2026-02-13T13:59:39","modified_gmt":"2026-02-13T12:59:39","slug":"average-wages-and-numbers-of-employees","status":"publish","type":"page","link":"https:\/\/autosap.cz\/en\/publications\/average-wages-and-numbers-of-employees\/","title":{"rendered":"Average wages and numbers of employees"},"content":{"rendered":"<p>Annual summary of average wages and number of employees in individual groups of companies, including a&nbsp;basic breakdown by employee category and breakdown by region.<\/p>\n","protected":false},"excerpt":{"rendered":"Annual summary of average wages and number of employees in individual groups of companies, including a&nbsp;basic breakdown by employee category and breakdown by region.","protected":false},"author":1,"featured_media":0,"parent":2176,"menu_order":8,"comment_status":"closed","ping_status":"closed","template":"templates\/publication-detail.php","meta":{"_acf_changed":false,"inline_featured_image":false,"footnotes":""},"acf":[],"yoast_head":"<!-- This site is optimized with the Yoast SEO plugin v24.5 - https:\/\/yoast.com\/wordpress\/plugins\/seo\/ -->\n<title>Average wages and numbers of employees - SAP \u2013 Sdru\u017een\u00ed automobilov\u00e9ho pr\u016fmyslu<\/title>\n<meta name=\"robots\" content=\"index, follow, max-snippet:-1, max-image-preview:large, max-video-preview:-1\" \/>\n<link rel=\"canonical\" href=\"https:\/\/autosap.cz\/en\/publications\/average-wages-and-numbers-of-employees\/\" \/>\n<meta property=\"og:locale\" content=\"en_US\" \/>\n<meta property=\"og:type\" content=\"article\" \/>\n<meta property=\"og:title\" content=\"Average wages and numbers of employees - SAP \u2013 Sdru\u017een\u00ed automobilov\u00e9ho pr\u016fmyslu\" \/>\n<meta property=\"og:description\" content=\"Annual summary of average wages and number of employees in individual groups of companies, including a&nbsp;basic breakdown by employee category and breakdown by region.\" \/>\n<meta property=\"og:url\" content=\"https:\/\/autosap.cz\/en\/publications\/average-wages-and-numbers-of-employees\/\" \/>\n<meta property=\"og:site_name\" content=\"SAP \u2013 Sdru\u017een\u00ed automobilov\u00e9ho pr\u016fmyslu\" \/>\n<meta property=\"article:modified_time\" content=\"2026-02-13T12:59:39+00:00\" \/>\n<meta name=\"twitter:card\" content=\"summary_large_image\" \/>\n<meta name=\"twitter:label1\" content=\"Est. reading time\" \/>\n\t<meta name=\"twitter:data1\" content=\"1 minute\" \/>\n<script type=\"application\/ld+json\" class=\"yoast-schema-graph\">{\"@context\":\"https:\/\/schema.org\",\"@graph\":[{\"@type\":\"WebPage\",\"@id\":\"https:\/\/autosap.cz\/en\/publications\/average-wages-and-numbers-of-employees\/\",\"url\":\"https:\/\/autosap.cz\/en\/publications\/average-wages-and-numbers-of-employees\/\",\"name\":\"Average wages and numbers of employees - SAP \u2013 Sdru\u017een\u00ed automobilov\u00e9ho pr\u016fmyslu\",\"isPartOf\":{\"@id\":\"https:\/\/autosap.cz\/en\/#website\"},\"datePublished\":\"2022-06-20T14:28:06+00:00\",\"dateModified\":\"2026-02-13T12:59:39+00:00\",\"breadcrumb\":{\"@id\":\"https:\/\/autosap.cz\/en\/publications\/average-wages-and-numbers-of-employees\/#breadcrumb\"},\"inLanguage\":\"en-US\",\"potentialAction\":[{\"@type\":\"ReadAction\",\"target\":[\"https:\/\/autosap.cz\/en\/publications\/average-wages-and-numbers-of-employees\/\"]}]},{\"@type\":\"BreadcrumbList\",\"@id\":\"https:\/\/autosap.cz\/en\/publications\/average-wages-and-numbers-of-employees\/#breadcrumb\",\"itemListElement\":[{\"@type\":\"ListItem\",\"position\":1,\"name\":\"\",\"item\":\"https:\/\/autosap.cz\/en\/\"},{\"@type\":\"ListItem\",\"position\":2,\"name\":\"Publications\",\"item\":\"https:\/\/autosap.cz\/en\/about-us\/publications\/\"},{\"@type\":\"ListItem\",\"position\":3,\"name\":\"Average wages and numbers of employees\"}]},{\"@type\":\"WebSite\",\"@id\":\"https:\/\/autosap.cz\/en\/#website\",\"url\":\"https:\/\/autosap.cz\/en\/\",\"name\":\"SAP \u2013 Sdru\u017een\u00ed automobilov\u00e9ho pr\u016fmyslu\",\"description\":\"Sdru\u017een\u00ed automobilov\u00e9ho pr\u016fmyslu\",\"potentialAction\":[{\"@type\":\"SearchAction\",\"target\":{\"@type\":\"EntryPoint\",\"urlTemplate\":\"https:\/\/autosap.cz\/en\/?s={search_term_string}\"},\"query-input\":{\"@type\":\"PropertyValueSpecification\",\"valueRequired\":true,\"valueName\":\"search_term_string\"}}],\"inLanguage\":\"en-US\"}]}<\/script>\n<!-- \/ Yoast SEO plugin. -->","yoast_head_json":{"title":"Average wages and numbers of employees - SAP \u2013 Sdru\u017een\u00ed automobilov\u00e9ho pr\u016fmyslu","robots":{"index":"index","follow":"follow","max-snippet":"max-snippet:-1","max-image-preview":"max-image-preview:large","max-video-preview":"max-video-preview:-1"},"canonical":"https:\/\/autosap.cz\/en\/publications\/average-wages-and-numbers-of-employees\/","og_locale":"en_US","og_type":"article","og_title":"Average wages and numbers of employees - SAP \u2013 Sdru\u017een\u00ed automobilov\u00e9ho pr\u016fmyslu","og_description":"Annual summary of average wages and number of employees in individual groups of companies, including a&nbsp;basic breakdown by employee category and breakdown by region.","og_url":"https:\/\/autosap.cz\/en\/publications\/average-wages-and-numbers-of-employees\/","og_site_name":"SAP \u2013 Sdru\u017een\u00ed automobilov\u00e9ho pr\u016fmyslu","article_modified_time":"2026-02-13T12:59:39+00:00","twitter_card":"summary_large_image","twitter_misc":{"Est. reading time":"1 minute"},"schema":{"@context":"https:\/\/schema.org","@graph":[{"@type":"WebPage","@id":"https:\/\/autosap.cz\/en\/publications\/average-wages-and-numbers-of-employees\/","url":"https:\/\/autosap.cz\/en\/publications\/average-wages-and-numbers-of-employees\/","name":"Average wages and numbers of employees - SAP \u2013 Sdru\u017een\u00ed automobilov\u00e9ho pr\u016fmyslu","isPartOf":{"@id":"https:\/\/autosap.cz\/en\/#website"},"datePublished":"2022-06-20T14:28:06+00:00","dateModified":"2026-02-13T12:59:39+00:00","breadcrumb":{"@id":"https:\/\/autosap.cz\/en\/publications\/average-wages-and-numbers-of-employees\/#breadcrumb"},"inLanguage":"en-US","potentialAction":[{"@type":"ReadAction","target":["https:\/\/autosap.cz\/en\/publications\/average-wages-and-numbers-of-employees\/"]}]},{"@type":"BreadcrumbList","@id":"https:\/\/autosap.cz\/en\/publications\/average-wages-and-numbers-of-employees\/#breadcrumb","itemListElement":[{"@type":"ListItem","position":1,"name":"","item":"https:\/\/autosap.cz\/en\/"},{"@type":"ListItem","position":2,"name":"Publications","item":"https:\/\/autosap.cz\/en\/about-us\/publications\/"},{"@type":"ListItem","position":3,"name":"Average wages and numbers of employees"}]},{"@type":"WebSite","@id":"https:\/\/autosap.cz\/en\/#website","url":"https:\/\/autosap.cz\/en\/","name":"SAP \u2013 Sdru\u017een\u00ed automobilov\u00e9ho pr\u016fmyslu","description":"Sdru\u017een\u00ed automobilov\u00e9ho pr\u016fmyslu","potentialAction":[{"@type":"SearchAction","target":{"@type":"EntryPoint","urlTemplate":"https:\/\/autosap.cz\/en\/?s={search_term_string}"},"query-input":{"@type":"PropertyValueSpecification","valueRequired":true,"valueName":"search_term_string"}}],"inLanguage":"en-US"}]}},"_links":{"self":[{"href":"https:\/\/autosap.cz\/en\/wp-json\/wp\/v2\/pages\/11309"}],"collection":[{"href":"https:\/\/autosap.cz\/en\/wp-json\/wp\/v2\/pages"}],"about":[{"href":"https:\/\/autosap.cz\/en\/wp-json\/wp\/v2\/types\/page"}],"author":[{"embeddable":true,"href":"https:\/\/autosap.cz\/en\/wp-json\/wp\/v2\/users\/1"}],"replies":[{"embeddable":true,"href":"https:\/\/autosap.cz\/en\/wp-json\/wp\/v2\/comments?post=11309"}],"version-history":[{"count":8,"href":"https:\/\/autosap.cz\/en\/wp-json\/wp\/v2\/pages\/11309\/revisions"}],"predecessor-version":[{"id":18897,"href":"https:\/\/autosap.cz\/en\/wp-json\/wp\/v2\/pages\/11309\/revisions\/18897"}],"up":[{"embeddable":true,"href":"https:\/\/autosap.cz\/en\/wp-json\/wp\/v2\/pages\/2176"}],"wp:attachment":[{"href":"https:\/\/autosap.cz\/en\/wp-json\/wp\/v2\/media?parent=11309"}],"curies":[{"name":"wp","href":"https:\/\/api.w.org\/{rel}","templated":true}]}}