{"id":2081,"date":"2017-05-07T16:57:25","date_gmt":"2017-05-07T14:57:25","guid":{"rendered":"https:\/\/autosap.cz\/registrations-of-new-motor-vehicles\/"},"modified":"2018-09-20T13:14:40","modified_gmt":"2018-09-20T11:14:40","slug":"registrations-of-new-motor-vehicles","status":"publish","type":"page","link":"https:\/\/autosap.cz\/en\/data-and-statistics\/registrations-of-new-motor-vehicles\/","title":{"rendered":"Registrations of New Motor Vehicles"},"content":{"rendered":"<p>Domestic producers and official importers are the sales data source in 1998 \u2013 2004. The Central Register of Vehicles of the Czech Ministry of Transport is the registrations data source from 2005.<\/p>\n","protected":false},"excerpt":{"rendered":"Domestic producers and official importers are the sales data source in 1998 \u2013 2004. The Central Register of Vehicles of the Czech Ministry of Transport is the registrations data source from 2005.","protected":false},"author":1,"featured_media":3698,"parent":2077,"menu_order":62,"comment_status":"closed","ping_status":"closed","template":"template-prehledy-api-detail.php","meta":{"_acf_changed":false,"inline_featured_image":false,"footnotes":""},"acf":[],"yoast_head":"<!-- This site is optimized with the Yoast SEO plugin v24.5 - https:\/\/yoast.com\/wordpress\/plugins\/seo\/ -->\n<title>Registrations of New Motor Vehicles - SAP \u2013 Sdru\u017een\u00ed automobilov\u00e9ho pr\u016fmyslu<\/title>\n<meta name=\"robots\" content=\"index, follow, max-snippet:-1, max-image-preview:large, max-video-preview:-1\" \/>\n<link rel=\"canonical\" href=\"https:\/\/autosap.cz\/en\/data-and-statistics\/registrations-of-new-motor-vehicles\/\" \/>\n<meta property=\"og:locale\" content=\"en_US\" \/>\n<meta property=\"og:type\" content=\"article\" \/>\n<meta property=\"og:title\" content=\"Registrations of New Motor Vehicles - SAP \u2013 Sdru\u017een\u00ed automobilov\u00e9ho pr\u016fmyslu\" \/>\n<meta property=\"og:description\" content=\"Domestic producers and official importers are the sales data source in 1998 \u2013 2004. The Central Register of Vehicles of the Czech Ministry of Transport is the registrations data source from 2005.\" \/>\n<meta property=\"og:url\" content=\"https:\/\/autosap.cz\/en\/data-and-statistics\/registrations-of-new-motor-vehicles\/\" \/>\n<meta property=\"og:site_name\" content=\"SAP \u2013 Sdru\u017een\u00ed automobilov\u00e9ho pr\u016fmyslu\" \/>\n<meta property=\"article:modified_time\" content=\"2018-09-20T11:14:40+00:00\" \/>\n<meta property=\"og:image\" content=\"https:\/\/autosap.cz\/wp-content\/uploads\/2018\/09\/prehledy2.jpg\" \/>\n\t<meta property=\"og:image:width\" content=\"464\" \/>\n\t<meta property=\"og:image:height\" content=\"309\" \/>\n\t<meta property=\"og:image:type\" content=\"image\/jpeg\" \/>\n<meta name=\"twitter:card\" content=\"summary_large_image\" \/>\n<script type=\"application\/ld+json\" class=\"yoast-schema-graph\">{\"@context\":\"https:\/\/schema.org\",\"@graph\":[{\"@type\":\"WebPage\",\"@id\":\"https:\/\/autosap.cz\/en\/data-and-statistics\/registrations-of-new-motor-vehicles\/\",\"url\":\"https:\/\/autosap.cz\/en\/data-and-statistics\/registrations-of-new-motor-vehicles\/\",\"name\":\"Registrations of New Motor Vehicles - SAP \u2013 Sdru\u017een\u00ed automobilov\u00e9ho pr\u016fmyslu\",\"isPartOf\":{\"@id\":\"https:\/\/autosap.cz\/en\/#website\"},\"primaryImageOfPage\":{\"@id\":\"https:\/\/autosap.cz\/en\/data-and-statistics\/registrations-of-new-motor-vehicles\/#primaryimage\"},\"image\":{\"@id\":\"https:\/\/autosap.cz\/en\/data-and-statistics\/registrations-of-new-motor-vehicles\/#primaryimage\"},\"thumbnailUrl\":\"https:\/\/autosap.cz\/wp-content\/uploads\/2018\/09\/prehledy2.jpg\",\"datePublished\":\"2017-05-07T14:57:25+00:00\",\"dateModified\":\"2018-09-20T11:14:40+00:00\",\"breadcrumb\":{\"@id\":\"https:\/\/autosap.cz\/en\/data-and-statistics\/registrations-of-new-motor-vehicles\/#breadcrumb\"},\"inLanguage\":\"en-US\",\"potentialAction\":[{\"@type\":\"ReadAction\",\"target\":[\"https:\/\/autosap.cz\/en\/data-and-statistics\/registrations-of-new-motor-vehicles\/\"]}]},{\"@type\":\"ImageObject\",\"inLanguage\":\"en-US\",\"@id\":\"https:\/\/autosap.cz\/en\/data-and-statistics\/registrations-of-new-motor-vehicles\/#primaryimage\",\"url\":\"https:\/\/autosap.cz\/wp-content\/uploads\/2018\/09\/prehledy2.jpg\",\"contentUrl\":\"https:\/\/autosap.cz\/wp-content\/uploads\/2018\/09\/prehledy2.jpg\",\"width\":464,\"height\":309},{\"@type\":\"BreadcrumbList\",\"@id\":\"https:\/\/autosap.cz\/en\/data-and-statistics\/registrations-of-new-motor-vehicles\/#breadcrumb\",\"itemListElement\":[{\"@type\":\"ListItem\",\"position\":1,\"name\":\"\",\"item\":\"https:\/\/autosap.cz\/en\/\"},{\"@type\":\"ListItem\",\"position\":2,\"name\":\"Data and statistics\",\"item\":\"https:\/\/autosap.cz\/en\/data-and-statistics\/\"},{\"@type\":\"ListItem\",\"position\":3,\"name\":\"Registrations of New Motor Vehicles\"}]},{\"@type\":\"WebSite\",\"@id\":\"https:\/\/autosap.cz\/en\/#website\",\"url\":\"https:\/\/autosap.cz\/en\/\",\"name\":\"SAP \u2013 Sdru\u017een\u00ed automobilov\u00e9ho pr\u016fmyslu\",\"description\":\"Sdru\u017een\u00ed automobilov\u00e9ho pr\u016fmyslu\",\"potentialAction\":[{\"@type\":\"SearchAction\",\"target\":{\"@type\":\"EntryPoint\",\"urlTemplate\":\"https:\/\/autosap.cz\/en\/?s={search_term_string}\"},\"query-input\":{\"@type\":\"PropertyValueSpecification\",\"valueRequired\":true,\"valueName\":\"search_term_string\"}}],\"inLanguage\":\"en-US\"}]}<\/script>\n<!-- \/ Yoast SEO plugin. -->","yoast_head_json":{"title":"Registrations of New Motor Vehicles - SAP \u2013 Sdru\u017een\u00ed automobilov\u00e9ho pr\u016fmyslu","robots":{"index":"index","follow":"follow","max-snippet":"max-snippet:-1","max-image-preview":"max-image-preview:large","max-video-preview":"max-video-preview:-1"},"canonical":"https:\/\/autosap.cz\/en\/data-and-statistics\/registrations-of-new-motor-vehicles\/","og_locale":"en_US","og_type":"article","og_title":"Registrations of New Motor Vehicles - SAP \u2013 Sdru\u017een\u00ed automobilov\u00e9ho pr\u016fmyslu","og_description":"Domestic producers and official importers are the sales data source in 1998 \u2013 2004. The Central Register of Vehicles of the Czech Ministry of Transport is the registrations data source from 2005.","og_url":"https:\/\/autosap.cz\/en\/data-and-statistics\/registrations-of-new-motor-vehicles\/","og_site_name":"SAP \u2013 Sdru\u017een\u00ed automobilov\u00e9ho pr\u016fmyslu","article_modified_time":"2018-09-20T11:14:40+00:00","og_image":[{"width":464,"height":309,"url":"https:\/\/autosap.cz\/wp-content\/uploads\/2018\/09\/prehledy2.jpg","type":"image\/jpeg"}],"twitter_card":"summary_large_image","schema":{"@context":"https:\/\/schema.org","@graph":[{"@type":"WebPage","@id":"https:\/\/autosap.cz\/en\/data-and-statistics\/registrations-of-new-motor-vehicles\/","url":"https:\/\/autosap.cz\/en\/data-and-statistics\/registrations-of-new-motor-vehicles\/","name":"Registrations of New Motor Vehicles - SAP \u2013 Sdru\u017een\u00ed automobilov\u00e9ho pr\u016fmyslu","isPartOf":{"@id":"https:\/\/autosap.cz\/en\/#website"},"primaryImageOfPage":{"@id":"https:\/\/autosap.cz\/en\/data-and-statistics\/registrations-of-new-motor-vehicles\/#primaryimage"},"image":{"@id":"https:\/\/autosap.cz\/en\/data-and-statistics\/registrations-of-new-motor-vehicles\/#primaryimage"},"thumbnailUrl":"https:\/\/autosap.cz\/wp-content\/uploads\/2018\/09\/prehledy2.jpg","datePublished":"2017-05-07T14:57:25+00:00","dateModified":"2018-09-20T11:14:40+00:00","breadcrumb":{"@id":"https:\/\/autosap.cz\/en\/data-and-statistics\/registrations-of-new-motor-vehicles\/#breadcrumb"},"inLanguage":"en-US","potentialAction":[{"@type":"ReadAction","target":["https:\/\/autosap.cz\/en\/data-and-statistics\/registrations-of-new-motor-vehicles\/"]}]},{"@type":"ImageObject","inLanguage":"en-US","@id":"https:\/\/autosap.cz\/en\/data-and-statistics\/registrations-of-new-motor-vehicles\/#primaryimage","url":"https:\/\/autosap.cz\/wp-content\/uploads\/2018\/09\/prehledy2.jpg","contentUrl":"https:\/\/autosap.cz\/wp-content\/uploads\/2018\/09\/prehledy2.jpg","width":464,"height":309},{"@type":"BreadcrumbList","@id":"https:\/\/autosap.cz\/en\/data-and-statistics\/registrations-of-new-motor-vehicles\/#breadcrumb","itemListElement":[{"@type":"ListItem","position":1,"name":"","item":"https:\/\/autosap.cz\/en\/"},{"@type":"ListItem","position":2,"name":"Data and statistics","item":"https:\/\/autosap.cz\/en\/data-and-statistics\/"},{"@type":"ListItem","position":3,"name":"Registrations of New Motor Vehicles"}]},{"@type":"WebSite","@id":"https:\/\/autosap.cz\/en\/#website","url":"https:\/\/autosap.cz\/en\/","name":"SAP \u2013 Sdru\u017een\u00ed automobilov\u00e9ho pr\u016fmyslu","description":"Sdru\u017een\u00ed automobilov\u00e9ho pr\u016fmyslu","potentialAction":[{"@type":"SearchAction","target":{"@type":"EntryPoint","urlTemplate":"https:\/\/autosap.cz\/en\/?s={search_term_string}"},"query-input":{"@type":"PropertyValueSpecification","valueRequired":true,"valueName":"search_term_string"}}],"inLanguage":"en-US"}]}},"_links":{"self":[{"href":"https:\/\/autosap.cz\/en\/wp-json\/wp\/v2\/pages\/2081"}],"collection":[{"href":"https:\/\/autosap.cz\/en\/wp-json\/wp\/v2\/pages"}],"about":[{"href":"https:\/\/autosap.cz\/en\/wp-json\/wp\/v2\/types\/page"}],"author":[{"embeddable":true,"href":"https:\/\/autosap.cz\/en\/wp-json\/wp\/v2\/users\/1"}],"replies":[{"embeddable":true,"href":"https:\/\/autosap.cz\/en\/wp-json\/wp\/v2\/comments?post=2081"}],"version-history":[{"count":0,"href":"https:\/\/autosap.cz\/en\/wp-json\/wp\/v2\/pages\/2081\/revisions"}],"up":[{"embeddable":true,"href":"https:\/\/autosap.cz\/en\/wp-json\/wp\/v2\/pages\/2077"}],"wp:featuredmedia":[{"embeddable":true,"href":"https:\/\/autosap.cz\/en\/wp-json\/wp\/v2\/media\/3698"}],"wp:attachment":[{"href":"https:\/\/autosap.cz\/en\/wp-json\/wp\/v2\/media?parent=2081"}],"curies":[{"name":"wp","href":"https:\/\/api.w.org\/{rel}","templated":true}]}}