{"id":2176,"date":"2017-05-25T20:22:30","date_gmt":"2017-05-25T18:22:30","guid":{"rendered":"https:\/\/autosap.cz\/publications-and-services\/"},"modified":"2022-06-20T16:18:56","modified_gmt":"2022-06-20T14:18:56","slug":"publications","status":"publish","type":"page","link":"https:\/\/autosap.cz\/en\/publications\/","title":{"rendered":"Publications"},"content":{"rendered":"<h4>Magazine &#8220;\u010cESK\u00dd AUTOPR\u016eMYSL&#8221;<\/h4>\n<p>In our magazine you can find recent information from automotive indusrty and fresh news about our members. The magazine is published 5 times a&nbsp;year in Czech languege.<\/p>\n<p>You can find all our prewious editions in bookmark &#8220;MAGAZINE&#8221; <a href=\"https:\/\/autosap.cz\/aktualne\/\">here<\/a>.<\/p>\n<p>Contact: <a href=\"mailto:konvalina@autosap.cz\">konvalina@autosap.cz<\/a><\/p>\n<p><img decoding=\"async\" class=\"alignnone size-medium wp-image-1465\" src=\"https:\/\/autosap.cz\/wp-content\/uploads\/2017\/12\/Titul-\u010cA-5-2017-250x354.jpg\" alt=\"\" \/><\/p>\n","protected":false},"excerpt":{"rendered":"Magazine &#8220;\u010cESK\u00dd AUTOPR\u016eMYSL&#8221; In our magazine you can find recent information from automotive indusrty and fresh news about our members. The magazine is published 5 times a&nbsp;year in Czech languege. You can find all our prewious editions in bookmark &#8220;MAGAZINE&#8221; here. Contact: konvalina@autosap.cz","protected":false},"author":1,"featured_media":0,"parent":0,"menu_order":48,"comment_status":"closed","ping_status":"closed","template":"templates\/publication.php","meta":{"_acf_changed":false,"inline_featured_image":false,"footnotes":""},"acf":[],"yoast_head":"<!-- This site is optimized with the Yoast SEO plugin v24.5 - https:\/\/yoast.com\/wordpress\/plugins\/seo\/ -->\n<title>Publications - SAP \u2013 Sdru\u017een\u00ed automobilov\u00e9ho pr\u016fmyslu<\/title>\n<meta name=\"robots\" content=\"index, follow, max-snippet:-1, max-image-preview:large, max-video-preview:-1\" \/>\n<link rel=\"canonical\" href=\"https:\/\/autosap.cz\/en\/publications\/\" \/>\n<meta property=\"og:locale\" content=\"en_US\" \/>\n<meta property=\"og:type\" content=\"article\" \/>\n<meta property=\"og:title\" content=\"Publications - SAP \u2013 Sdru\u017een\u00ed automobilov\u00e9ho pr\u016fmyslu\" \/>\n<meta property=\"og:description\" content=\"Magazine &#8220;\u010cESK\u00dd AUTOPR\u016eMYSL&#8221; In our magazine you can find recent information from automotive indusrty and fresh news about our members. The magazine is published 5 times a&nbsp;year in Czech languege. You can find all our prewious editions in bookmark &#8220;MAGAZINE&#8221; here. Contact: konvalina@autosap.cz\" \/>\n<meta property=\"og:url\" content=\"https:\/\/autosap.cz\/en\/publications\/\" \/>\n<meta property=\"og:site_name\" content=\"SAP \u2013 Sdru\u017een\u00ed automobilov\u00e9ho pr\u016fmyslu\" \/>\n<meta property=\"article:modified_time\" content=\"2022-06-20T14:18:56+00:00\" \/>\n<meta name=\"twitter:card\" content=\"summary_large_image\" \/>\n<script type=\"application\/ld+json\" class=\"yoast-schema-graph\">{\"@context\":\"https:\/\/schema.org\",\"@graph\":[{\"@type\":\"WebPage\",\"@id\":\"https:\/\/autosap.cz\/en\/publications\/\",\"url\":\"https:\/\/autosap.cz\/en\/publications\/\",\"name\":\"Publications - SAP \u2013 Sdru\u017een\u00ed automobilov\u00e9ho pr\u016fmyslu\",\"isPartOf\":{\"@id\":\"https:\/\/autosap.cz\/en\/#website\"},\"datePublished\":\"2017-05-25T18:22:30+00:00\",\"dateModified\":\"2022-06-20T14:18:56+00:00\",\"breadcrumb\":{\"@id\":\"https:\/\/autosap.cz\/en\/publications\/#breadcrumb\"},\"inLanguage\":\"en-US\",\"potentialAction\":[{\"@type\":\"ReadAction\",\"target\":[\"https:\/\/autosap.cz\/en\/publications\/\"]}]},{\"@type\":\"BreadcrumbList\",\"@id\":\"https:\/\/autosap.cz\/en\/publications\/#breadcrumb\",\"itemListElement\":[{\"@type\":\"ListItem\",\"position\":1,\"name\":\"\",\"item\":\"https:\/\/autosap.cz\/en\/\"},{\"@type\":\"ListItem\",\"position\":2,\"name\":\"About us\",\"item\":\"https:\/\/autosap.cz\/en\/about-us\/\"},{\"@type\":\"ListItem\",\"position\":3,\"name\":\"Publications\"}]},{\"@type\":\"WebSite\",\"@id\":\"https:\/\/autosap.cz\/en\/#website\",\"url\":\"https:\/\/autosap.cz\/en\/\",\"name\":\"SAP \u2013 Sdru\u017een\u00ed automobilov\u00e9ho pr\u016fmyslu\",\"description\":\"Sdru\u017een\u00ed automobilov\u00e9ho pr\u016fmyslu\",\"potentialAction\":[{\"@type\":\"SearchAction\",\"target\":{\"@type\":\"EntryPoint\",\"urlTemplate\":\"https:\/\/autosap.cz\/en\/?s={search_term_string}\"},\"query-input\":{\"@type\":\"PropertyValueSpecification\",\"valueRequired\":true,\"valueName\":\"search_term_string\"}}],\"inLanguage\":\"en-US\"}]}<\/script>\n<!-- \/ Yoast SEO plugin. -->","yoast_head_json":{"title":"Publications - SAP \u2013 Sdru\u017een\u00ed automobilov\u00e9ho pr\u016fmyslu","robots":{"index":"index","follow":"follow","max-snippet":"max-snippet:-1","max-image-preview":"max-image-preview:large","max-video-preview":"max-video-preview:-1"},"canonical":"https:\/\/autosap.cz\/en\/publications\/","og_locale":"en_US","og_type":"article","og_title":"Publications - SAP \u2013 Sdru\u017een\u00ed automobilov\u00e9ho pr\u016fmyslu","og_description":"Magazine &#8220;\u010cESK\u00dd AUTOPR\u016eMYSL&#8221; In our magazine you can find recent information from automotive indusrty and fresh news about our members. The magazine is published 5 times a&nbsp;year in Czech languege. You can find all our prewious editions in bookmark &#8220;MAGAZINE&#8221; here. Contact: konvalina@autosap.cz","og_url":"https:\/\/autosap.cz\/en\/publications\/","og_site_name":"SAP \u2013 Sdru\u017een\u00ed automobilov\u00e9ho pr\u016fmyslu","article_modified_time":"2022-06-20T14:18:56+00:00","twitter_card":"summary_large_image","schema":{"@context":"https:\/\/schema.org","@graph":[{"@type":"WebPage","@id":"https:\/\/autosap.cz\/en\/publications\/","url":"https:\/\/autosap.cz\/en\/publications\/","name":"Publications - SAP \u2013 Sdru\u017een\u00ed automobilov\u00e9ho pr\u016fmyslu","isPartOf":{"@id":"https:\/\/autosap.cz\/en\/#website"},"datePublished":"2017-05-25T18:22:30+00:00","dateModified":"2022-06-20T14:18:56+00:00","breadcrumb":{"@id":"https:\/\/autosap.cz\/en\/publications\/#breadcrumb"},"inLanguage":"en-US","potentialAction":[{"@type":"ReadAction","target":["https:\/\/autosap.cz\/en\/publications\/"]}]},{"@type":"BreadcrumbList","@id":"https:\/\/autosap.cz\/en\/publications\/#breadcrumb","itemListElement":[{"@type":"ListItem","position":1,"name":"","item":"https:\/\/autosap.cz\/en\/"},{"@type":"ListItem","position":2,"name":"About us","item":"https:\/\/autosap.cz\/en\/about-us\/"},{"@type":"ListItem","position":3,"name":"Publications"}]},{"@type":"WebSite","@id":"https:\/\/autosap.cz\/en\/#website","url":"https:\/\/autosap.cz\/en\/","name":"SAP \u2013 Sdru\u017een\u00ed automobilov\u00e9ho pr\u016fmyslu","description":"Sdru\u017een\u00ed automobilov\u00e9ho pr\u016fmyslu","potentialAction":[{"@type":"SearchAction","target":{"@type":"EntryPoint","urlTemplate":"https:\/\/autosap.cz\/en\/?s={search_term_string}"},"query-input":{"@type":"PropertyValueSpecification","valueRequired":true,"valueName":"search_term_string"}}],"inLanguage":"en-US"}]}},"_links":{"self":[{"href":"https:\/\/autosap.cz\/en\/wp-json\/wp\/v2\/pages\/2176"}],"collection":[{"href":"https:\/\/autosap.cz\/en\/wp-json\/wp\/v2\/pages"}],"about":[{"href":"https:\/\/autosap.cz\/en\/wp-json\/wp\/v2\/types\/page"}],"author":[{"embeddable":true,"href":"https:\/\/autosap.cz\/en\/wp-json\/wp\/v2\/users\/1"}],"replies":[{"embeddable":true,"href":"https:\/\/autosap.cz\/en\/wp-json\/wp\/v2\/comments?post=2176"}],"version-history":[{"count":0,"href":"https:\/\/autosap.cz\/en\/wp-json\/wp\/v2\/pages\/2176\/revisions"}],"wp:attachment":[{"href":"https:\/\/autosap.cz\/en\/wp-json\/wp\/v2\/media?parent=2176"}],"curies":[{"name":"wp","href":"https:\/\/api.w.org\/{rel}","templated":true}]}}